{"id":24597,"date":"2023-08-18T13:56:41","date_gmt":"2023-08-18T05:56:41","guid":{"rendered":"https:\/\/wordpress-1495780-5712545.cloudwaysapps.com\/nghe-nghiep\/faq\/"},"modified":"2024-06-20T11:16:31","modified_gmt":"2024-06-20T03:16:31","slug":"faq","status":"publish","type":"page","link":"https:\/\/keding-global.com\/vi\/nghe-nghiep\/faq\/","title":{"rendered":"FAQ"},"content":{"rendered":"\t\t<div data-elementor-type=\"wp-page\" data-elementor-id=\"24597\" class=\"elementor elementor-24597 elementor-2625\" data-elementor-post-type=\"page\">\n\t\t\t\t\t\t<section data-particle_enable=\"false\" data-particle-mobile-disabled=\"false\" class=\"elementor-section elementor-top-section elementor-element elementor-element-269a099 elementor-section-boxed elementor-section-height-default elementor-section-height-default\" data-id=\"269a099\" data-element_type=\"section\" data-e-type=\"section\">\n\t\t\t\t\t\t<div class=\"elementor-container elementor-column-gap-default\">\n\t\t\t\t\t<div class=\"elementor-column elementor-col-100 elementor-top-column elementor-element elementor-element-0c22efa\" data-id=\"0c22efa\" data-element_type=\"column\" data-e-type=\"column\">\n\t\t\t<div class=\"elementor-widget-wrap elementor-element-populated\">\n\t\t\t\t\t\t<div class=\"elementor-element elementor-element-04554a5 elementor-widget elementor-widget-heading\" data-id=\"04554a5\" data-element_type=\"widget\" data-e-type=\"widget\" data-widget_type=\"heading.default\">\n\t\t\t\t<div class=\"elementor-widget-container\">\n\t\t\t\t\t<h2 class=\"elementor-heading-title elementor-size-default\">Ngh\u1ec1 nghi\u1ec7p<\/h2>\t\t\t\t<\/div>\n\t\t\t\t<\/div>\n\t\t\t\t<div class=\"elementor-element elementor-element-428dfa9 elementor-icon-list--layout-inline elementor-align-start elementor-list-item-link-full_width elementor-widget elementor-widget-icon-list\" data-id=\"428dfa9\" data-element_type=\"widget\" data-e-type=\"widget\" data-widget_type=\"icon-list.default\">\n\t\t\t\t<div class=\"elementor-widget-container\">\n\t\t\t\t\t\t\t<ul class=\"elementor-icon-list-items elementor-inline-items\">\n\t\t\t\t\t\t\t<li class=\"elementor-icon-list-item elementor-inline-item\">\n\t\t\t\t\t\t\t\t\t\t\t<a href=\"https:\/\/keding-global.com\/vi\/\">\n\n\t\t\t\t\t\t\t\t\t\t\t<span class=\"elementor-icon-list-text\">Nh\u00e0<\/span>\n\t\t\t\t\t\t\t\t\t\t\t<\/a>\n\t\t\t\t\t\t\t\t\t<\/li>\n\t\t\t\t\t\t\t\t<li class=\"elementor-icon-list-item elementor-inline-item\">\n\t\t\t\t\t\t\t\t\t\t\t<span class=\"elementor-icon-list-icon\">\n\t\t\t\t\t\t\t<i aria-hidden=\"true\" class=\"fas fa-angle-right\"><\/i>\t\t\t\t\t\t<\/span>\n\t\t\t\t\t\t\t\t\t\t<span class=\"elementor-icon-list-text\">Ngh\u1ec1 nghi\u1ec7p<\/span>\n\t\t\t\t\t\t\t\t\t<\/li>\n\t\t\t\t\t\t<\/ul>\n\t\t\t\t\t\t<\/div>\n\t\t\t\t<\/div>\n\t\t\t\t\t<\/div>\n\t\t<\/div>\n\t\t\t\t\t<\/div>\n\t\t<\/section>\n\t\t\t\t<section data-particle_enable=\"false\" data-particle-mobile-disabled=\"false\" class=\"elementor-section elementor-top-section elementor-element elementor-element-616d4bf elementor-section-boxed elementor-section-height-default elementor-section-height-default\" data-id=\"616d4bf\" data-element_type=\"section\" data-e-type=\"section\">\n\t\t\t\t\t\t<div class=\"elementor-container elementor-column-gap-default\">\n\t\t\t\t\t<div class=\"elementor-column elementor-col-100 elementor-top-column elementor-element elementor-element-539a566\" data-id=\"539a566\" data-element_type=\"column\" data-e-type=\"column\">\n\t\t\t<div class=\"elementor-widget-wrap elementor-element-populated\">\n\t\t\t\t\t\t<div class=\"elementor-element elementor-element-6b4234b elementor-nav-menu__align-center news_tab elementor-nav-menu--stretch elementor-widget-mobile__width-auto elementor-widget-tablet__width-auto elementor-nav-menu--dropdown-tablet elementor-nav-menu__text-align-aside elementor-nav-menu--toggle elementor-nav-menu--burger elementor-widget elementor-widget-nav-menu\" data-id=\"6b4234b\" data-element_type=\"widget\" data-e-type=\"widget\" data-settings=\"{&quot;full_width&quot;:&quot;stretch&quot;,&quot;layout&quot;:&quot;horizontal&quot;,&quot;submenu_icon&quot;:{&quot;value&quot;:&quot;&lt;i class=\\&quot;fas fa-caret-down\\&quot; aria-hidden=\\&quot;true\\&quot;&gt;&lt;\\\/i&gt;&quot;,&quot;library&quot;:&quot;fa-solid&quot;},&quot;toggle&quot;:&quot;burger&quot;}\" data-widget_type=\"nav-menu.default\">\n\t\t\t\t<div class=\"elementor-widget-container\">\n\t\t\t\t\t\t\t\t<nav aria-label=\"Menu\" class=\"elementor-nav-menu--main elementor-nav-menu__container elementor-nav-menu--layout-horizontal e--pointer-none\">\n\t\t\t\t<ul id=\"menu-1-6b4234b\" class=\"elementor-nav-menu\"><li class=\"menu-item menu-item-type-post_type menu-item-object-page menu-item-24821\"><a href=\"https:\/\/keding-global.com\/vi\/nghe-nghiep\/loi-ich\/\" class=\"elementor-item menu-link\">L\u1ee3i \u00edch<\/a><\/li>\n<li class=\"menu-item menu-item-type-post_type menu-item-object-page menu-item-24822\"><a href=\"https:\/\/keding-global.com\/vi\/nghe-nghiep\/tuyen-dung-tai-kd\/\" class=\"elementor-item menu-link\">C\u01a1 h\u1ed9i ngh\u1ec1 nghi\u1ec7p t\u1ea1i KD<\/a><\/li>\n<li class=\"menu-item menu-item-type-post_type menu-item-object-page menu-item-24823\"><a href=\"https:\/\/keding-global.com\/vi\/nghe-nghiep\/su-nghiep-cuoc-song\/\" class=\"elementor-item menu-link\">Cu\u1ed9c \u0111\u1eddi s\u1ef1 nghi\u1ec7p<\/a><\/li>\n<li class=\"menu-item menu-item-type-post_type menu-item-object-page menu-item-24824\"><a href=\"https:\/\/keding-global.com\/vi\/nghe-nghiep\/quy-trinh-tuyen-dung\/\" class=\"elementor-item menu-link\">Quy tr\u00ecnh tuy\u1ec3n d\u1ee5ng<\/a><\/li>\n<li class=\"menu-item menu-item-type-post_type menu-item-object-page menu-item-24825\"><a href=\"https:\/\/keding-global.com\/vi\/nghe-nghiep\/co-hoi-viec-lam\/\" class=\"elementor-item menu-link\">C\u01a1 h\u1ed9i vi\u1ec7c l\u00e0m<\/a><\/li>\n<li class=\"menu-item menu-item-type-post_type menu-item-object-page menu-item-24826\"><a href=\"https:\/\/keding-global.com\/vi\/nghe-nghiep\/faq\/\" class=\"elementor-item menu-link\">FAQ<\/a><\/li>\n<\/ul>\t\t\t<\/nav>\n\t\t\t\t\t<div class=\"elementor-menu-toggle\" role=\"button\" tabindex=\"0\" aria-label=\"Menu Toggle\" aria-expanded=\"false\">\n\t\t\t<i aria-hidden=\"true\" role=\"presentation\" class=\"elementor-menu-toggle__icon--open eicon-menu-bar\"><\/i><i aria-hidden=\"true\" role=\"presentation\" class=\"elementor-menu-toggle__icon--close eicon-close\"><\/i>\t\t<\/div>\n\t\t\t\t\t<nav class=\"elementor-nav-menu--dropdown elementor-nav-menu__container\" aria-hidden=\"true\">\n\t\t\t\t<ul id=\"menu-2-6b4234b\" class=\"elementor-nav-menu\"><li class=\"menu-item menu-item-type-post_type menu-item-object-page menu-item-24821\"><a href=\"https:\/\/keding-global.com\/vi\/nghe-nghiep\/loi-ich\/\" class=\"elementor-item menu-link\" tabindex=\"-1\">L\u1ee3i \u00edch<\/a><\/li>\n<li class=\"menu-item menu-item-type-post_type menu-item-object-page menu-item-24822\"><a href=\"https:\/\/keding-global.com\/vi\/nghe-nghiep\/tuyen-dung-tai-kd\/\" class=\"elementor-item menu-link\" tabindex=\"-1\">C\u01a1 h\u1ed9i ngh\u1ec1 nghi\u1ec7p t\u1ea1i KD<\/a><\/li>\n<li class=\"menu-item menu-item-type-post_type menu-item-object-page menu-item-24823\"><a href=\"https:\/\/keding-global.com\/vi\/nghe-nghiep\/su-nghiep-cuoc-song\/\" class=\"elementor-item menu-link\" tabindex=\"-1\">Cu\u1ed9c \u0111\u1eddi s\u1ef1 nghi\u1ec7p<\/a><\/li>\n<li class=\"menu-item menu-item-type-post_type menu-item-object-page menu-item-24824\"><a href=\"https:\/\/keding-global.com\/vi\/nghe-nghiep\/quy-trinh-tuyen-dung\/\" class=\"elementor-item menu-link\" tabindex=\"-1\">Quy tr\u00ecnh tuy\u1ec3n d\u1ee5ng<\/a><\/li>\n<li class=\"menu-item menu-item-type-post_type menu-item-object-page menu-item-24825\"><a href=\"https:\/\/keding-global.com\/vi\/nghe-nghiep\/co-hoi-viec-lam\/\" class=\"elementor-item menu-link\" tabindex=\"-1\">C\u01a1 h\u1ed9i vi\u1ec7c l\u00e0m<\/a><\/li>\n<li class=\"menu-item menu-item-type-post_type menu-item-object-page menu-item-24826\"><a href=\"https:\/\/keding-global.com\/vi\/nghe-nghiep\/faq\/\" class=\"elementor-item menu-link\" tabindex=\"-1\">FAQ<\/a><\/li>\n<\/ul>\t\t\t<\/nav>\n\t\t\t\t\t\t<\/div>\n\t\t\t\t<\/div>\n\t\t\t\t<div class=\"elementor-element elementor-element-2da9de2 elementor-widget-mobile__width-auto elementor-hidden-desktop elementor-widget-tablet__width-auto elementor-widget elementor-widget-heading\" data-id=\"2da9de2\" data-element_type=\"widget\" data-e-type=\"widget\" data-widget_type=\"heading.default\">\n\t\t\t\t<div class=\"elementor-widget-container\">\n\t\t\t\t\t<p class=\"elementor-heading-title elementor-size-default\">FAQ<\/p>\t\t\t\t<\/div>\n\t\t\t\t<\/div>\n\t\t\t\t\t<\/div>\n\t\t<\/div>\n\t\t\t\t\t<\/div>\n\t\t<\/section>\n\t\t\t\t<section data-particle_enable=\"false\" data-particle-mobile-disabled=\"false\" class=\"elementor-section elementor-top-section elementor-element elementor-element-951ce89 elementor-section-boxed elementor-section-height-default elementor-section-height-default\" data-id=\"951ce89\" data-element_type=\"section\" data-e-type=\"section\" data-settings=\"{&quot;background_background&quot;:&quot;classic&quot;}\">\n\t\t\t\t\t\t<div class=\"elementor-container elementor-column-gap-default\">\n\t\t\t\t\t<div class=\"elementor-column elementor-col-100 elementor-top-column elementor-element elementor-element-4158ab2\" data-id=\"4158ab2\" data-element_type=\"column\" data-e-type=\"column\">\n\t\t\t<div class=\"elementor-widget-wrap elementor-element-populated\">\n\t\t\t\t\t\t<section data-particle_enable=\"false\" data-particle-mobile-disabled=\"false\" class=\"elementor-section elementor-inner-section elementor-element elementor-element-a22c819 elementor-section-boxed elementor-section-height-default elementor-section-height-default\" data-id=\"a22c819\" data-element_type=\"section\" data-e-type=\"section\">\n\t\t\t\t\t\t<div class=\"elementor-container elementor-column-gap-default\">\n\t\t\t\t\t<div class=\"elementor-column elementor-col-100 elementor-inner-column elementor-element elementor-element-decd0b9\" data-id=\"decd0b9\" data-element_type=\"column\" data-e-type=\"column\">\n\t\t\t<div class=\"elementor-widget-wrap elementor-element-populated\">\n\t\t\t\t\t\t<div class=\"elementor-element elementor-element-397f9a4 elementor-widget elementor-widget-toggle\" data-id=\"397f9a4\" data-element_type=\"widget\" data-e-type=\"widget\" data-widget_type=\"toggle.default\">\n\t\t\t\t<div class=\"elementor-widget-container\">\n\t\t\t\t\t\t\t<div class=\"elementor-toggle\">\n\t\t\t\t\t\t\t<div class=\"elementor-toggle-item\">\n\t\t\t\t\t<div id=\"elementor-tab-title-6021\" class=\"elementor-tab-title\" data-tab=\"1\" role=\"button\" aria-controls=\"elementor-tab-content-6021\" aria-expanded=\"false\">\n\t\t\t\t\t\t\t\t\t\t\t\t<span class=\"elementor-toggle-icon elementor-toggle-icon-right\" aria-hidden=\"true\">\n\t\t\t\t\t\t\t\t\t\t\t\t\t\t\t<span class=\"elementor-toggle-icon-closed\"><i class=\"fas fa-plus\"><\/i><\/span>\n\t\t\t\t\t\t\t\t<span class=\"elementor-toggle-icon-opened\"><i class=\"elementor-toggle-icon-opened fas fa-minus\"><\/i><\/span>\n\t\t\t\t\t\t\t\t\t\t\t\t\t<\/span>\n\t\t\t\t\t\t\t\t\t\t\t\t<a class=\"elementor-toggle-title\" tabindex=\"0\">T\u00f4i Q.Do ph\u1ea3i h\u1ecdc chuy\u00ean ng\u00e0nh li\u00ean quan khi \u1ee9ng tuy\u1ec3n v\u00e0o m\u1ed9t v\u1ecb tr\u00ed kh\u00f4ng?<\/a>\n\t\t\t\t\t<\/div>\n\n\t\t\t\t\t<div id=\"elementor-tab-content-6021\" class=\"elementor-tab-content elementor-clearfix\" data-tab=\"1\" role=\"region\" aria-labelledby=\"elementor-tab-title-6021\"><p>KD Panels ch\u00e0o \u0111\u00f3n nh\u00e2n t\u00e0i t\u1eeb t\u1ea5t c\u1ea3 c\u00e1c l\u0129nh v\u1ef1c v\u00e0 chuy\u00ean ng\u00e0nh mi\u1ec5n l\u00e0 t\u00e0i n\u0103ng s\u1eb5n s\u00e0ng ph\u00e1t tri\u1ec3n v\u1edbi KD Panels v\u00e0 c\u00f4ng nh\u1eadn v\u0103n h\u00f3a doanh nghi\u1ec7p c\u1ee7a ch\u00fang t\u00f4i.<\/p>\n<\/div>\n\t\t\t\t<\/div>\n\t\t\t\t\t\t\t<div class=\"elementor-toggle-item\">\n\t\t\t\t\t<div id=\"elementor-tab-title-6022\" class=\"elementor-tab-title\" data-tab=\"2\" role=\"button\" aria-controls=\"elementor-tab-content-6022\" aria-expanded=\"false\">\n\t\t\t\t\t\t\t\t\t\t\t\t<span class=\"elementor-toggle-icon elementor-toggle-icon-right\" aria-hidden=\"true\">\n\t\t\t\t\t\t\t\t\t\t\t\t\t\t\t<span class=\"elementor-toggle-icon-closed\"><i class=\"fas fa-plus\"><\/i><\/span>\n\t\t\t\t\t\t\t\t<span class=\"elementor-toggle-icon-opened\"><i class=\"elementor-toggle-icon-opened fas fa-minus\"><\/i><\/span>\n\t\t\t\t\t\t\t\t\t\t\t\t\t<\/span>\n\t\t\t\t\t\t\t\t\t\t\t\t<a class=\"elementor-toggle-title\" tabindex=\"0\">Q.T\u00f4i c\u00f3 th\u1ec3 \u1ee9ng tuy\u1ec3n v\u00e0o m\u1ed9t v\u1ecb tr\u00ed n\u1ebfu t\u00f4i v\u1eabn c\u00f2n l\u00e0 sinh vi\u00ean kh\u00f4ng?<\/a>\n\t\t\t\t\t<\/div>\n\n\t\t\t\t\t<div id=\"elementor-tab-content-6022\" class=\"elementor-tab-content elementor-clearfix\" data-tab=\"2\" role=\"region\" aria-labelledby=\"elementor-tab-title-6022\"><p>N\u1ebfu b\u1ea1n t\u1ed1t nghi\u1ec7p trong n\u0103m \u0111\u00f3, b\u1ea1n c\u00f3 th\u1ec3 tham d\u1ef1 cu\u1ed9c ph\u1ecfng v\u1ea5n tr\u01b0\u1edbc. Ng\u00e0y tr\u00ean m\u00e1y bay c\u00f3 th\u1ec3 \u0111\u01b0\u1ee3c th\u01b0\u01a1ng l\u01b0\u1ee3ng.<\/p>\n<\/div>\n\t\t\t\t<\/div>\n\t\t\t\t\t\t\t<div class=\"elementor-toggle-item\">\n\t\t\t\t\t<div id=\"elementor-tab-title-6023\" class=\"elementor-tab-title\" data-tab=\"3\" role=\"button\" aria-controls=\"elementor-tab-content-6023\" aria-expanded=\"false\">\n\t\t\t\t\t\t\t\t\t\t\t\t<span class=\"elementor-toggle-icon elementor-toggle-icon-right\" aria-hidden=\"true\">\n\t\t\t\t\t\t\t\t\t\t\t\t\t\t\t<span class=\"elementor-toggle-icon-closed\"><i class=\"fas fa-plus\"><\/i><\/span>\n\t\t\t\t\t\t\t\t<span class=\"elementor-toggle-icon-opened\"><i class=\"elementor-toggle-icon-opened fas fa-minus\"><\/i><\/span>\n\t\t\t\t\t\t\t\t\t\t\t\t\t<\/span>\n\t\t\t\t\t\t\t\t\t\t\t\t<a class=\"elementor-toggle-title\" tabindex=\"0\">Q.T\u00f4i c\u1ea7n mang theo nh\u1eefng g\u00ec khi tham d\u1ef1 ph\u1ecfng v\u1ea5n?<\/a>\n\t\t\t\t\t<\/div>\n\n\t\t\t\t\t<div id=\"elementor-tab-content-6023\" class=\"elementor-tab-content elementor-clearfix\" data-tab=\"3\" role=\"region\" aria-labelledby=\"elementor-tab-title-6023\"><p>Vui l\u00f2ng mang theo b\u1eb1ng t\u1ed1t nghi\u1ec7p c\u1ee7a b\u1eb1ng c\u1ea5p cao nh\u1ea5t c\u1ee7a b\u1ea1n, b\u1ea3ng \u0111i\u1ec3m v\u00e0 ch\u1ee9ng ch\u1ec9 ng\u00f4n ng\u1eef c\u1ee7a b\u1ea1n.<\/p>\n<\/div>\n\t\t\t\t<\/div>\n\t\t\t\t\t\t\t<div class=\"elementor-toggle-item\">\n\t\t\t\t\t<div id=\"elementor-tab-title-6024\" class=\"elementor-tab-title\" data-tab=\"4\" role=\"button\" aria-controls=\"elementor-tab-content-6024\" aria-expanded=\"false\">\n\t\t\t\t\t\t\t\t\t\t\t\t<span class=\"elementor-toggle-icon elementor-toggle-icon-right\" aria-hidden=\"true\">\n\t\t\t\t\t\t\t\t\t\t\t\t\t\t\t<span class=\"elementor-toggle-icon-closed\"><i class=\"fas fa-plus\"><\/i><\/span>\n\t\t\t\t\t\t\t\t<span class=\"elementor-toggle-icon-opened\"><i class=\"elementor-toggle-icon-opened fas fa-minus\"><\/i><\/span>\n\t\t\t\t\t\t\t\t\t\t\t\t\t<\/span>\n\t\t\t\t\t\t\t\t\t\t\t\t<a class=\"elementor-toggle-title\" tabindex=\"0\">Q.T\u00f4i c\u00f3 th\u1ec3 h\u1ee7y ho\u1eb7c ho\u00e3n th\u1eddi gian ph\u1ecfng v\u1ea5n kh\u00f4ng?<\/a>\n\t\t\t\t\t<\/div>\n\n\t\t\t\t\t<div id=\"elementor-tab-content-6024\" class=\"elementor-tab-content elementor-clearfix\" data-tab=\"4\" role=\"region\" aria-labelledby=\"elementor-tab-title-6024\"><p>N\u1ebfu b\u1ea1n kh\u00f4ng s\u1eb5n s\u00e0ng tham d\u1ef1 bu\u1ed5i ph\u1ecfng v\u1ea5n, vui l\u00f2ng li\u00ean h\u1ec7 v\u1edbi b\u1ed9 ph\u1eadn nh\u00e2n s\u1ef1 \u0111\u1ec3 thay \u0111\u1ed5i th\u1eddi gian ho\u1eb7c h\u1ee7y ph\u1ecfng v\u1ea5n.<\/p>\n<\/div>\n\t\t\t\t<\/div>\n\t\t\t\t\t\t\t<div class=\"elementor-toggle-item\">\n\t\t\t\t\t<div id=\"elementor-tab-title-6025\" class=\"elementor-tab-title\" data-tab=\"5\" role=\"button\" aria-controls=\"elementor-tab-content-6025\" aria-expanded=\"false\">\n\t\t\t\t\t\t\t\t\t\t\t\t<span class=\"elementor-toggle-icon elementor-toggle-icon-right\" aria-hidden=\"true\">\n\t\t\t\t\t\t\t\t\t\t\t\t\t\t\t<span class=\"elementor-toggle-icon-closed\"><i class=\"fas fa-plus\"><\/i><\/span>\n\t\t\t\t\t\t\t\t<span class=\"elementor-toggle-icon-opened\"><i class=\"elementor-toggle-icon-opened fas fa-minus\"><\/i><\/span>\n\t\t\t\t\t\t\t\t\t\t\t\t\t<\/span>\n\t\t\t\t\t\t\t\t\t\t\t\t<a class=\"elementor-toggle-title\" tabindex=\"0\">Q.Cu\u1ed9c ph\u1ecfng v\u1ea5n s\u1ebd k\u00e9o d\u00e0i bao l\u00e2u?<\/a>\n\t\t\t\t\t<\/div>\n\n\t\t\t\t\t<div id=\"elementor-tab-content-6025\" class=\"elementor-tab-content elementor-clearfix\" data-tab=\"5\" role=\"region\" aria-labelledby=\"elementor-tab-title-6025\"><p>Ph\u1ea3i m\u1ea5t 1 ~ 2 gi\u1edd cho c\u1ea3 b\u00e0i ki\u1ec3m tra vi\u1ebft v\u00e0 ph\u1ecfng v\u1ea5n.<\/p>\n<\/div>\n\t\t\t\t<\/div>\n\t\t\t\t\t\t\t<div class=\"elementor-toggle-item\">\n\t\t\t\t\t<div id=\"elementor-tab-title-6026\" class=\"elementor-tab-title\" data-tab=\"6\" role=\"button\" aria-controls=\"elementor-tab-content-6026\" aria-expanded=\"false\">\n\t\t\t\t\t\t\t\t\t\t\t\t<span class=\"elementor-toggle-icon elementor-toggle-icon-right\" aria-hidden=\"true\">\n\t\t\t\t\t\t\t\t\t\t\t\t\t\t\t<span class=\"elementor-toggle-icon-closed\"><i class=\"fas fa-plus\"><\/i><\/span>\n\t\t\t\t\t\t\t\t<span class=\"elementor-toggle-icon-opened\"><i class=\"elementor-toggle-icon-opened fas fa-minus\"><\/i><\/span>\n\t\t\t\t\t\t\t\t\t\t\t\t\t<\/span>\n\t\t\t\t\t\t\t\t\t\t\t\t<a class=\"elementor-toggle-title\" tabindex=\"0\">Q.Sau cu\u1ed9c ph\u1ecfng v\u1ea5n, khi n\u00e0o t\u00f4i s\u1ebd bi\u1ebft k\u1ebft qu\u1ea3?<\/a>\n\t\t\t\t\t<\/div>\n\n\t\t\t\t\t<div id=\"elementor-tab-content-6026\" class=\"elementor-tab-content elementor-clearfix\" data-tab=\"6\" role=\"region\" aria-labelledby=\"elementor-tab-title-6026\"><p>Ng\u01b0\u1eddi ta \u01b0\u1edbc t\u00ednh r\u1eb1ng trong v\u00f2ng 3 ~ 7 ng\u00e0y, k\u1ebft qu\u1ea3 s\u1ebd \u0111\u01b0\u1ee3c \u0111\u01b0a ra.<\/p>\n<\/div>\n\t\t\t\t<\/div>\n\t\t\t\t\t\t\t<div class=\"elementor-toggle-item\">\n\t\t\t\t\t<div id=\"elementor-tab-title-6027\" class=\"elementor-tab-title\" data-tab=\"7\" role=\"button\" aria-controls=\"elementor-tab-content-6027\" aria-expanded=\"false\">\n\t\t\t\t\t\t\t\t\t\t\t\t<span class=\"elementor-toggle-icon elementor-toggle-icon-right\" aria-hidden=\"true\">\n\t\t\t\t\t\t\t\t\t\t\t\t\t\t\t<span class=\"elementor-toggle-icon-closed\"><i class=\"fas fa-plus\"><\/i><\/span>\n\t\t\t\t\t\t\t\t<span class=\"elementor-toggle-icon-opened\"><i class=\"elementor-toggle-icon-opened fas fa-minus\"><\/i><\/span>\n\t\t\t\t\t\t\t\t\t\t\t\t\t<\/span>\n\t\t\t\t\t\t\t\t\t\t\t\t<a class=\"elementor-toggle-title\" tabindex=\"0\">Q.Sau khi n\u1ed9p \u0111\u01a1n xin vi\u1ec7c, khi n\u00e0o t\u00f4i s\u1ebd nh\u1eadn \u0111\u01b0\u1ee3c th\u01b0 m\u1eddi ph\u1ecfng v\u1ea5n?<\/a>\n\t\t\t\t\t<\/div>\n\n\t\t\t\t\t<div id=\"elementor-tab-content-6027\" class=\"elementor-tab-content elementor-clearfix\" data-tab=\"7\" role=\"region\" aria-labelledby=\"elementor-tab-title-6027\"><p>B\u1ed9 ph\u1eadn nh\u00e2n s\u1ef1 s\u1ebd li\u00ean h\u1ec7 v\u1edbi b\u1ea1n trong v\u00f2ng 2 tu\u1ea7n sau khi b\u1ea1n n\u1ed9p.<\/p>\n<\/div>\n\t\t\t\t<\/div>\n\t\t\t\t\t\t\t\t<\/div>\n\t\t\t\t\t\t<\/div>\n\t\t\t\t<\/div>\n\t\t\t\t\t<\/div>\n\t\t<\/div>\n\t\t\t\t\t<\/div>\n\t\t<\/section>\n\t\t\t\t\t<\/div>\n\t\t<\/div>\n\t\t\t\t\t<\/div>\n\t\t<\/section>\n\t\t\t\t<\/div>\n\t\t","protected":false},"excerpt":{"rendered":"<p>Ngh\u1ec1 nghi\u1ec7p Nh\u00e0 Ngh\u1ec1 nghi\u1ec7p T\u00f4i Q.Do ph\u1ea3i h\u1ecdc chuy\u00ean ng\u00e0nh li\u00ean quan khi \u1ee9ng tuy\u1ec3n v\u00e0o m\u1ed9t v\u1ecb tr\u00ed kh\u00f4ng? KD Panels ch\u00e0o \u0111\u00f3n nh\u00e2n t\u00e0i t\u1eeb t\u1ea5t c\u1ea3 c\u00e1c l\u0129nh v\u1ef1c v\u00e0 chuy\u00ean ng\u00e0nh mi\u1ec5n l\u00e0 t\u00e0i n\u0103ng s\u1eb5n s\u00e0ng ph\u00e1t tri\u1ec3n v\u1edbi KD Panels v\u00e0 c\u00f4ng nh\u1eadn v\u0103n h\u00f3a doanh nghi\u1ec7p c\u1ee7a [&hellip;]<\/p>\n","protected":false},"author":1,"featured_media":0,"parent":24574,"menu_order":0,"comment_status":"closed","ping_status":"closed","template":"","meta":{"_acf_changed":false,"site-sidebar-layout":"no-sidebar","site-content-layout":"page-builder","ast-site-content-layout":"default","site-content-style":"default","site-sidebar-style":"default","ast-global-header-display":"","ast-banner-title-visibility":"","ast-main-header-display":"","ast-hfb-above-header-display":"","ast-hfb-below-header-display":"","ast-hfb-mobile-header-display":"","site-post-title":"disabled","ast-breadcrumbs-content":"","ast-featured-img":"disabled","footer-sml-layout":"","ast-disable-related-posts":"","theme-transparent-header-meta":"default","adv-header-id-meta":"","stick-header-meta":"","header-above-stick-meta":"","header-main-stick-meta":"","header-below-stick-meta":"","astra-migrate-meta-layouts":"default","ast-page-background-enabled":"default","ast-page-background-meta":{"desktop":{"background-color":"var(--ast-global-color-4)","background-image":"","background-repeat":"repeat","background-position":"center center","background-size":"auto","background-attachment":"scroll","background-type":"","background-media":"","overlay-type":"","overlay-color":"","overlay-opacity":"","overlay-gradient":""},"tablet":{"background-color":"","background-image":"","background-repeat":"repeat","background-position":"center center","background-size":"auto","background-attachment":"scroll","background-type":"","background-media":"","overlay-type":"","overlay-color":"","overlay-opacity":"","overlay-gradient":""},"mobile":{"background-color":"","background-image":"","background-repeat":"repeat","background-position":"center center","background-size":"auto","background-attachment":"scroll","background-type":"","background-media":"","overlay-type":"","overlay-color":"","overlay-opacity":"","overlay-gradient":""}},"ast-content-background-meta":{"desktop":{"background-color":"var(--ast-global-color-5)","background-image":"","background-repeat":"repeat","background-position":"center center","background-size":"auto","background-attachment":"scroll","background-type":"","background-media":"","overlay-type":"","overlay-color":"","overlay-opacity":"","overlay-gradient":""},"tablet":{"background-color":"var(--ast-global-color-5)","background-image":"","background-repeat":"repeat","background-position":"center center","background-size":"auto","background-attachment":"scroll","background-type":"","background-media":"","overlay-type":"","overlay-color":"","overlay-opacity":"","overlay-gradient":""},"mobile":{"background-color":"var(--ast-global-color-5)","background-image":"","background-repeat":"repeat","background-position":"center center","background-size":"auto","background-attachment":"scroll","background-type":"","background-media":"","overlay-type":"","overlay-color":"","overlay-opacity":"","overlay-gradient":""}},"footnotes":"","_links_to":"","_links_to_target":""},"class_list":["post-24597","page","type-page","status-publish","hentry"],"acf":[],"_links":{"self":[{"href":"https:\/\/keding-global.com\/vi\/wp-json\/wp\/v2\/pages\/24597","targetHints":{"allow":["GET"]}}],"collection":[{"href":"https:\/\/keding-global.com\/vi\/wp-json\/wp\/v2\/pages"}],"about":[{"href":"https:\/\/keding-global.com\/vi\/wp-json\/wp\/v2\/types\/page"}],"author":[{"embeddable":true,"href":"https:\/\/keding-global.com\/vi\/wp-json\/wp\/v2\/users\/1"}],"replies":[{"embeddable":true,"href":"https:\/\/keding-global.com\/vi\/wp-json\/wp\/v2\/comments?post=24597"}],"version-history":[{"count":1,"href":"https:\/\/keding-global.com\/vi\/wp-json\/wp\/v2\/pages\/24597\/revisions"}],"predecessor-version":[{"id":24599,"href":"https:\/\/keding-global.com\/vi\/wp-json\/wp\/v2\/pages\/24597\/revisions\/24599"}],"up":[{"embeddable":true,"href":"https:\/\/keding-global.com\/vi\/wp-json\/wp\/v2\/pages\/24574"}],"wp:attachment":[{"href":"https:\/\/keding-global.com\/vi\/wp-json\/wp\/v2\/media?parent=24597"}],"curies":[{"name":"wp","href":"https:\/\/api.w.org\/{rel}","templated":true}]}}