{"id":24592,"date":"2023-08-18T13:56:59","date_gmt":"2023-08-18T05:56:59","guid":{"rendered":"https:\/\/wordpress-1495780-5712545.cloudwaysapps.com\/nghe-nghiep\/quy-trinh-tuyen-dung\/"},"modified":"2024-06-20T11:16:31","modified_gmt":"2024-06-20T03:16:31","slug":"quy-trinh-tuyen-dung","status":"publish","type":"page","link":"https:\/\/keding-global.com\/vi\/nghe-nghiep\/quy-trinh-tuyen-dung\/","title":{"rendered":"Quy tr\u00ecnh tuy\u1ec3n d\u1ee5ng"},"content":{"rendered":"\t\t<div data-elementor-type=\"wp-page\" data-elementor-id=\"24592\" class=\"elementor elementor-24592 elementor-2627\" data-elementor-post-type=\"page\">\n\t\t\t\t\t\t<section data-particle_enable=\"false\" data-particle-mobile-disabled=\"false\" class=\"elementor-section elementor-top-section elementor-element elementor-element-d923400 elementor-section-boxed elementor-section-height-default elementor-section-height-default\" data-id=\"d923400\" data-element_type=\"section\" data-e-type=\"section\">\n\t\t\t\t\t\t<div class=\"elementor-container elementor-column-gap-default\">\n\t\t\t\t\t<div class=\"elementor-column elementor-col-100 elementor-top-column elementor-element elementor-element-970ec2c\" data-id=\"970ec2c\" data-element_type=\"column\" data-e-type=\"column\">\n\t\t\t<div class=\"elementor-widget-wrap elementor-element-populated\">\n\t\t\t\t\t\t<div class=\"elementor-element elementor-element-db40cd2 elementor-widget elementor-widget-heading\" data-id=\"db40cd2\" data-element_type=\"widget\" data-e-type=\"widget\" data-widget_type=\"heading.default\">\n\t\t\t\t<div class=\"elementor-widget-container\">\n\t\t\t\t\t<h2 class=\"elementor-heading-title elementor-size-default\">Ngh\u1ec1 nghi\u1ec7p<\/h2>\t\t\t\t<\/div>\n\t\t\t\t<\/div>\n\t\t\t\t<div class=\"elementor-element elementor-element-e031e35 elementor-icon-list--layout-inline elementor-align-start elementor-list-item-link-full_width elementor-widget elementor-widget-icon-list\" data-id=\"e031e35\" data-element_type=\"widget\" data-e-type=\"widget\" data-widget_type=\"icon-list.default\">\n\t\t\t\t<div class=\"elementor-widget-container\">\n\t\t\t\t\t\t\t<ul class=\"elementor-icon-list-items elementor-inline-items\">\n\t\t\t\t\t\t\t<li class=\"elementor-icon-list-item elementor-inline-item\">\n\t\t\t\t\t\t\t\t\t\t\t<a href=\"https:\/\/keding-global.com\/vi\/\">\n\n\t\t\t\t\t\t\t\t\t\t\t<span class=\"elementor-icon-list-text\">Nh\u00e0<\/span>\n\t\t\t\t\t\t\t\t\t\t\t<\/a>\n\t\t\t\t\t\t\t\t\t<\/li>\n\t\t\t\t\t\t\t\t<li class=\"elementor-icon-list-item elementor-inline-item\">\n\t\t\t\t\t\t\t\t\t\t\t<span class=\"elementor-icon-list-icon\">\n\t\t\t\t\t\t\t<i aria-hidden=\"true\" class=\"fas fa-angle-right\"><\/i>\t\t\t\t\t\t<\/span>\n\t\t\t\t\t\t\t\t\t\t<span class=\"elementor-icon-list-text\">Ngh\u1ec1 nghi\u1ec7p<\/span>\n\t\t\t\t\t\t\t\t\t<\/li>\n\t\t\t\t\t\t<\/ul>\n\t\t\t\t\t\t<\/div>\n\t\t\t\t<\/div>\n\t\t\t\t\t<\/div>\n\t\t<\/div>\n\t\t\t\t\t<\/div>\n\t\t<\/section>\n\t\t\t\t<section data-particle_enable=\"false\" data-particle-mobile-disabled=\"false\" class=\"elementor-section elementor-top-section elementor-element elementor-element-41b50bc elementor-section-boxed elementor-section-height-default elementor-section-height-default\" data-id=\"41b50bc\" data-element_type=\"section\" data-e-type=\"section\" data-settings=\"{&quot;background_background&quot;:&quot;classic&quot;}\">\n\t\t\t\t\t\t<div class=\"elementor-container elementor-column-gap-default\">\n\t\t\t\t\t<div class=\"elementor-column elementor-col-100 elementor-top-column elementor-element elementor-element-2f25611\" data-id=\"2f25611\" data-element_type=\"column\" data-e-type=\"column\">\n\t\t\t<div class=\"elementor-widget-wrap elementor-element-populated\">\n\t\t\t\t\t\t<div class=\"elementor-element elementor-element-04bb28d e--pointer-none news_tab elementor-nav-menu--stretch ecs-toggle-align-left elementor-widget-mobile__width-auto elementor-widget-tablet__width-auto ecs-nav-layout-horizontal elementor-nav-menu--dropdown-tablet elementor-nav-menu--toggle elementor-nav-menu--burger elementor-widget elementor-widget-nav-menu\" data-id=\"04bb28d\" data-element_type=\"widget\" data-e-type=\"widget\" data-settings=\"{&quot;full_width&quot;:&quot;stretch&quot;,&quot;layout&quot;:&quot;horizontal&quot;,&quot;submenu_icon&quot;:{&quot;value&quot;:&quot;&lt;i class=\\&quot;fas fa-caret-down\\&quot; aria-hidden=\\&quot;true\\&quot;&gt;&lt;\\\/i&gt;&quot;,&quot;library&quot;:&quot;fa-solid&quot;},&quot;toggle&quot;:&quot;burger&quot;}\" data-widget_type=\"nav-menu.default\">\n\t\t\t\t<div class=\"elementor-widget-container\">\n\t\t\t\t\t\t\t\t<nav aria-label=\"Menu\" class=\"elementor-nav-menu--main elementor-nav-menu__container elementor-nav-menu--layout-horizontal e--pointer-none\">\n\t\t\t\t<ul id=\"menu-1-04bb28d\" class=\"elementor-nav-menu\"><li class=\"menu-item menu-item-type-post_type menu-item-object-page menu-item-24821\"><a href=\"https:\/\/keding-global.com\/vi\/nghe-nghiep\/loi-ich\/\" class=\"elementor-item menu-link\">L\u1ee3i \u00edch<\/a><\/li>\n<li class=\"menu-item menu-item-type-post_type menu-item-object-page menu-item-24822\"><a href=\"https:\/\/keding-global.com\/vi\/nghe-nghiep\/tuyen-dung-tai-kd\/\" class=\"elementor-item menu-link\">C\u01a1 h\u1ed9i ngh\u1ec1 nghi\u1ec7p t\u1ea1i KD<\/a><\/li>\n<li class=\"menu-item menu-item-type-post_type menu-item-object-page menu-item-24823\"><a href=\"https:\/\/keding-global.com\/vi\/nghe-nghiep\/su-nghiep-cuoc-song\/\" class=\"elementor-item menu-link\">Cu\u1ed9c \u0111\u1eddi s\u1ef1 nghi\u1ec7p<\/a><\/li>\n<li class=\"menu-item menu-item-type-post_type menu-item-object-page menu-item-24824\"><a href=\"https:\/\/keding-global.com\/vi\/nghe-nghiep\/quy-trinh-tuyen-dung\/\" class=\"elementor-item menu-link\">Quy tr\u00ecnh tuy\u1ec3n d\u1ee5ng<\/a><\/li>\n<li class=\"menu-item menu-item-type-post_type menu-item-object-page menu-item-24825\"><a href=\"https:\/\/keding-global.com\/vi\/nghe-nghiep\/co-hoi-viec-lam\/\" class=\"elementor-item menu-link\">C\u01a1 h\u1ed9i vi\u1ec7c l\u00e0m<\/a><\/li>\n<li class=\"menu-item menu-item-type-post_type menu-item-object-page menu-item-24826\"><a href=\"https:\/\/keding-global.com\/vi\/nghe-nghiep\/faq\/\" class=\"elementor-item menu-link\">FAQ<\/a><\/li>\n<\/ul>\t\t\t<\/nav>\n\t\t\t\t\t<div class=\"elementor-menu-toggle\" role=\"button\" tabindex=\"0\" aria-label=\"Menu Toggle\" aria-expanded=\"false\">\n\t\t\t<i aria-hidden=\"true\" role=\"presentation\" class=\"elementor-menu-toggle__icon--open eicon-menu-bar\"><\/i><i aria-hidden=\"true\" role=\"presentation\" class=\"elementor-menu-toggle__icon--close eicon-close\"><\/i>\t\t<\/div>\n\t\t\t\t\t<nav class=\"elementor-nav-menu--dropdown elementor-nav-menu__container\" aria-hidden=\"true\">\n\t\t\t\t<ul id=\"menu-2-04bb28d\" class=\"elementor-nav-menu\"><li class=\"menu-item menu-item-type-post_type menu-item-object-page menu-item-24821\"><a href=\"https:\/\/keding-global.com\/vi\/nghe-nghiep\/loi-ich\/\" class=\"elementor-item menu-link\" tabindex=\"-1\">L\u1ee3i \u00edch<\/a><\/li>\n<li class=\"menu-item menu-item-type-post_type menu-item-object-page menu-item-24822\"><a href=\"https:\/\/keding-global.com\/vi\/nghe-nghiep\/tuyen-dung-tai-kd\/\" class=\"elementor-item menu-link\" tabindex=\"-1\">C\u01a1 h\u1ed9i ngh\u1ec1 nghi\u1ec7p t\u1ea1i KD<\/a><\/li>\n<li class=\"menu-item menu-item-type-post_type menu-item-object-page menu-item-24823\"><a href=\"https:\/\/keding-global.com\/vi\/nghe-nghiep\/su-nghiep-cuoc-song\/\" class=\"elementor-item menu-link\" tabindex=\"-1\">Cu\u1ed9c \u0111\u1eddi s\u1ef1 nghi\u1ec7p<\/a><\/li>\n<li class=\"menu-item menu-item-type-post_type menu-item-object-page menu-item-24824\"><a href=\"https:\/\/keding-global.com\/vi\/nghe-nghiep\/quy-trinh-tuyen-dung\/\" class=\"elementor-item menu-link\" tabindex=\"-1\">Quy tr\u00ecnh tuy\u1ec3n d\u1ee5ng<\/a><\/li>\n<li class=\"menu-item menu-item-type-post_type menu-item-object-page menu-item-24825\"><a href=\"https:\/\/keding-global.com\/vi\/nghe-nghiep\/co-hoi-viec-lam\/\" class=\"elementor-item menu-link\" tabindex=\"-1\">C\u01a1 h\u1ed9i vi\u1ec7c l\u00e0m<\/a><\/li>\n<li class=\"menu-item menu-item-type-post_type menu-item-object-page menu-item-24826\"><a href=\"https:\/\/keding-global.com\/vi\/nghe-nghiep\/faq\/\" class=\"elementor-item menu-link\" tabindex=\"-1\">FAQ<\/a><\/li>\n<\/ul>\t\t\t<\/nav>\n\t\t\t\t\t\t<\/div>\n\t\t\t\t<\/div>\n\t\t\t\t<div class=\"elementor-element elementor-element-09fda24 elementor-widget-mobile__width-auto elementor-hidden-desktop elementor-widget-tablet__width-auto elementor-widget elementor-widget-heading\" data-id=\"09fda24\" data-element_type=\"widget\" data-e-type=\"widget\" data-widget_type=\"heading.default\">\n\t\t\t\t<div class=\"elementor-widget-container\">\n\t\t\t\t\t<p class=\"elementor-heading-title elementor-size-default\">Quy tr\u00ecnh tuy\u1ec3n d\u1ee5ng<\/p>\t\t\t\t<\/div>\n\t\t\t\t<\/div>\n\t\t\t\t<section data-particle_enable=\"false\" data-particle-mobile-disabled=\"false\" class=\"elementor-section elementor-inner-section elementor-element elementor-element-94da8fd elementor-section-boxed elementor-section-height-default elementor-section-height-default\" data-id=\"94da8fd\" data-element_type=\"section\" data-e-type=\"section\">\n\t\t\t\t\t\t<div class=\"elementor-container elementor-column-gap-default\">\n\t\t\t\t\t<div class=\"elementor-column elementor-col-50 elementor-inner-column elementor-element elementor-element-eb5770b\" data-id=\"eb5770b\" data-element_type=\"column\" data-e-type=\"column\">\n\t\t\t<div class=\"elementor-widget-wrap elementor-element-populated\">\n\t\t\t\t\t\t<div class=\"elementor-element elementor-element-5c77c9f elementor-widget elementor-widget-image\" data-id=\"5c77c9f\" data-element_type=\"widget\" data-e-type=\"widget\" data-widget_type=\"image.default\">\n\t\t\t\t<div class=\"elementor-widget-container\">\n\t\t\t\t\t\t\t\t\t\t\t\t\t\t\t<img fetchpriority=\"high\" decoding=\"async\" width=\"411\" height=\"547\" src=\"https:\/\/keding-global.com\/wp-content\/uploads\/2023\/09\/Rectangle-411.webp\" class=\"attachment-large size-large wp-image-24595\" alt=\"\" \/>\t\t\t\t\t\t\t\t\t\t\t\t\t\t\t<\/div>\n\t\t\t\t<\/div>\n\t\t\t\t\t<\/div>\n\t\t<\/div>\n\t\t\t\t<div class=\"elementor-column elementor-col-50 elementor-inner-column elementor-element elementor-element-63dd7ac\" data-id=\"63dd7ac\" data-element_type=\"column\" data-e-type=\"column\">\n\t\t\t<div class=\"elementor-widget-wrap elementor-element-populated\">\n\t\t\t\t\t\t<div class=\"elementor-element elementor-element-b899f55 elementor-widget elementor-widget-eael-content-timeline\" data-id=\"b899f55\" data-element_type=\"widget\" data-e-type=\"widget\" data-widget_type=\"eael-content-timeline.default\">\n\t\t\t\t<div class=\"elementor-widget-container\">\n\t\t\t\t\t\t\t<div id=\"eael-content-timeline-b899f55\" class=\"content-timeline-layout-right date-position-inside horizontal-timeline-wrapper\" data-slide_to_scroll=\"{&quot;desktop&quot;:1,&quot;mobile&quot;:1,&quot;tablet&quot;:1}\">\n\t\t\t<div class=\"eael-content-timeline-container\">\n\t\t\t\t<div class=\"eael-content-timeline-container\">\n\t\t\t\t\t\t\t\t\t\t\t\t\t\t\t\t\t\t\t\t\t\t\t<div class=\"eael-content-timeline-block\">\n    <div class=\"eael-content-timeline-line\">\n        <div class=\"eael-content-timeline-inner\"><\/div>\n    <\/div>\n    <div class=\"eael-content-timeline-img eael-picture \"><\/div><div class=\"eael-content-timeline-content\"><span class=\"eael-date\"><\/span><span class=\"eael-timeline-title\">\u1ee8ng d\u1ee5ng tr\u1ef1c tuy\u1ebfn<\/span><div class=\"eael-timeline-excerpt\"><p>1 T\u1ef1 gi\u1edbi thi\u1ec7u<br \/>2. T\u1ef1 truy\u1ec7n<br \/>3. Kinh nghi\u1ec7m, gi\u00e1o d\u1ee5c chuy\u00ean m\u00f4n kh\u00e1c<\/p>\n<p><span style=\"color: #d6001c\">Xin vui l\u00f2ng x\u00e2y d\u1ef1ng trong s\u01a1 y\u1ebfu l\u00fd l\u1ecbch c\u1ee7a b\u1ea1n.<\/span><\/p>\n<\/div><\/div><\/div>\t\t\t\t\t\t\t\t\t\t\t\t\t\t\t\t\t\t<div class=\"eael-content-timeline-block\">\n    <div class=\"eael-content-timeline-line\">\n        <div class=\"eael-content-timeline-inner\"><\/div>\n    <\/div>\n    <div class=\"eael-content-timeline-img eael-picture \"><\/div><div class=\"eael-content-timeline-content\"><span class=\"eael-date\"><\/span><span class=\"eael-timeline-title\">L\u1ef1a ch\u1ecdn tr\u01b0\u1edbc b\u1edfi HR<\/span><div class=\"eael-timeline-excerpt\"><p>1. Th\u01b0 m\u1eddi ph\u1ecfng v\u1ea5n  <br \/>2.Ph\u1ecfng v\u1ea5n &amp;; Ki\u1ec3m tra Vi\u1ebft<br \/>3.\u0110\u00e1nh gi\u00e1<br \/>4. X\u00e1c minh l\u01b0\u01a1ng<br \/>5. Th\u01b0 m\u1eddi l\u00e0m vi\u1ec7c<\/p>\n<\/div><\/div><\/div>\t\t\t\t\t\t\t\t\t\t\t\t\t\t\t\t\t\t<div class=\"eael-content-timeline-block\">\n    <div class=\"eael-content-timeline-line\">\n        <div class=\"eael-content-timeline-inner\"><\/div>\n    <\/div>\n    <div class=\"eael-content-timeline-img eael-picture \"><\/div><div class=\"eael-content-timeline-content\"><span class=\"eael-date\"><\/span><span class=\"eael-timeline-title\">Ch\u00e0o m\u1eebng b\u1ea1n l\u00ean t\u00e0u!<\/span><div class=\"eael-timeline-excerpt\"><\/div><\/div><\/div>\t\t\t\t<\/div>\n\t\t\t<\/div>\n\t\t<\/div>\n\t\t\t\t\t<\/div>\n\t\t\t\t<\/div>\n\t\t\t\t\t<\/div>\n\t\t<\/div>\n\t\t\t\t\t<\/div>\n\t\t<\/section>\n\t\t\t\t\t<\/div>\n\t\t<\/div>\n\t\t\t\t\t<\/div>\n\t\t<\/section>\n\t\t\t\t<\/div>\n\t\t","protected":false},"excerpt":{"rendered":"<p>Ngh\u1ec1 nghi\u1ec7p Nh\u00e0 Ngh\u1ec1 nghi\u1ec7p \u1ee8ng d\u1ee5ng tr\u1ef1c tuy\u1ebfn 1 T\u1ef1 gi\u1edbi thi\u1ec7u2. T\u1ef1 truy\u1ec7n3. Kinh nghi\u1ec7m, gi\u00e1o d\u1ee5c chuy\u00ean m\u00f4n kh\u00e1c Xin vui l\u00f2ng x\u00e2y d\u1ef1ng trong s\u01a1 y\u1ebfu l\u00fd l\u1ecbch c\u1ee7a b\u1ea1n. L\u1ef1a ch\u1ecdn tr\u01b0\u1edbc b\u1edfi HR 1. Th\u01b0 m\u1eddi ph\u1ecfng v\u1ea5n 2.Ph\u1ecfng v\u1ea5n &amp;; Ki\u1ec3m tra Vi\u1ebft3.\u0110\u00e1nh gi\u00e14. X\u00e1c minh l\u01b0\u01a1ng5. Th\u01b0 [&hellip;]<\/p>\n","protected":false},"author":1,"featured_media":0,"parent":24574,"menu_order":0,"comment_status":"closed","ping_status":"closed","template":"","meta":{"_acf_changed":false,"site-sidebar-layout":"no-sidebar","site-content-layout":"page-builder","ast-site-content-layout":"default","site-content-style":"default","site-sidebar-style":"default","ast-global-header-display":"","ast-banner-title-visibility":"","ast-main-header-display":"","ast-hfb-above-header-display":"","ast-hfb-below-header-display":"","ast-hfb-mobile-header-display":"","site-post-title":"disabled","ast-breadcrumbs-content":"","ast-featured-img":"disabled","footer-sml-layout":"","ast-disable-related-posts":"","theme-transparent-header-meta":"default","adv-header-id-meta":"","stick-header-meta":"","header-above-stick-meta":"","header-main-stick-meta":"","header-below-stick-meta":"","astra-migrate-meta-layouts":"default","ast-page-background-enabled":"default","ast-page-background-meta":{"desktop":{"background-color":"var(--ast-global-color-4)","background-image":"","background-repeat":"repeat","background-position":"center center","background-size":"auto","background-attachment":"scroll","background-type":"","background-media":"","overlay-type":"","overlay-color":"","overlay-opacity":"","overlay-gradient":""},"tablet":{"background-color":"","background-image":"","background-repeat":"repeat","background-position":"center center","background-size":"auto","background-attachment":"scroll","background-type":"","background-media":"","overlay-type":"","overlay-color":"","overlay-opacity":"","overlay-gradient":""},"mobile":{"background-color":"","background-image":"","background-repeat":"repeat","background-position":"center center","background-size":"auto","background-attachment":"scroll","background-type":"","background-media":"","overlay-type":"","overlay-color":"","overlay-opacity":"","overlay-gradient":""}},"ast-content-background-meta":{"desktop":{"background-color":"var(--ast-global-color-5)","background-image":"","background-repeat":"repeat","background-position":"center center","background-size":"auto","background-attachment":"scroll","background-type":"","background-media":"","overlay-type":"","overlay-color":"","overlay-opacity":"","overlay-gradient":""},"tablet":{"background-color":"var(--ast-global-color-5)","background-image":"","background-repeat":"repeat","background-position":"center center","background-size":"auto","background-attachment":"scroll","background-type":"","background-media":"","overlay-type":"","overlay-color":"","overlay-opacity":"","overlay-gradient":""},"mobile":{"background-color":"var(--ast-global-color-5)","background-image":"","background-repeat":"repeat","background-position":"center center","background-size":"auto","background-attachment":"scroll","background-type":"","background-media":"","overlay-type":"","overlay-color":"","overlay-opacity":"","overlay-gradient":""}},"footnotes":"","_links_to":"","_links_to_target":""},"class_list":["post-24592","page","type-page","status-publish","hentry"],"acf":[],"_links":{"self":[{"href":"https:\/\/keding-global.com\/vi\/wp-json\/wp\/v2\/pages\/24592","targetHints":{"allow":["GET"]}}],"collection":[{"href":"https:\/\/keding-global.com\/vi\/wp-json\/wp\/v2\/pages"}],"about":[{"href":"https:\/\/keding-global.com\/vi\/wp-json\/wp\/v2\/types\/page"}],"author":[{"embeddable":true,"href":"https:\/\/keding-global.com\/vi\/wp-json\/wp\/v2\/users\/1"}],"replies":[{"embeddable":true,"href":"https:\/\/keding-global.com\/vi\/wp-json\/wp\/v2\/comments?post=24592"}],"version-history":[{"count":2,"href":"https:\/\/keding-global.com\/vi\/wp-json\/wp\/v2\/pages\/24592\/revisions"}],"predecessor-version":[{"id":24598,"href":"https:\/\/keding-global.com\/vi\/wp-json\/wp\/v2\/pages\/24592\/revisions\/24598"}],"up":[{"embeddable":true,"href":"https:\/\/keding-global.com\/vi\/wp-json\/wp\/v2\/pages\/24574"}],"wp:attachment":[{"href":"https:\/\/keding-global.com\/vi\/wp-json\/wp\/v2\/media?parent=24592"}],"curies":[{"name":"wp","href":"https:\/\/api.w.org\/{rel}","templated":true}]}}