{"id":63739,"date":"2023-01-11T01:53:26","date_gmt":"2023-01-10T17:53:26","guid":{"rendered":"https:\/\/wordpress-1495780-5712545.cloudwaysapps.com\/privacy-policy\/"},"modified":"2024-11-18T13:54:25","modified_gmt":"2024-11-18T05:54:25","slug":"privacy-policy","status":"publish","type":"page","link":"https:\/\/keding-global.com\/pl\/privacy-policy\/","title":{"rendered":"Polityka prywatno\u015bci"},"content":{"rendered":"&#13;\n<h2 class=\"wp-block-heading\">Kim jeste\u015bmy<\/h2>&#13;\n&#13;\n<p><strong class=\"privacy-policy-tutorial\">Sugerowany tekst: <\/strong>Adres naszej strony internetowej to: https:\/\/keding-global.com.<\/p>&#13;\n&#13;\n<h2 class=\"wp-block-heading\">Komentarze<\/h2>&#13;\n&#13;\n<p><strong class=\"privacy-policy-tutorial\">Sugerowany tekst: <\/strong>Gdy odwiedzaj\u0105cy zostawiaj\u0105 komentarze na stronie, zbieramy dane wy\u015bwietlane w formularzu komentarzy, a tak\u017ce adres IP odwiedzaj\u0105cego i ci\u0105g agenta u\u017cytkownika przegl\u0105darki, aby pom\u00f3c w wykrywaniu spamu.<\/p>&#13;\n&#13;\n<p>Zanonimizowany ci\u0105g znak\u00f3w utworzony na podstawie adresu e-mail u\u017cytkownika (zwany r\u00f3wnie\u017c skr\u00f3tem) mo\u017ce zosta\u0107 dostarczony do us\u0142ugi Gravatar w celu sprawdzenia, czy u\u017cytkownik z niej korzysta.\nPolityka prywatno\u015bci us\u0142ugi Gravatar dost\u0119pna jest pod adresem: https:\/\/automattic.com\/privacy\/. Po zatwierdzeniu Twojego komentarza Twoje zdj\u0119cie profilowe jest widoczne publicznie w kontek\u015bcie Twojego komentarza. <\/p>&#13;\n&#13;\n<h2 class=\"wp-block-heading\">Media<\/h2>&#13;\n&#13;\n<p><strong class=\"privacy-policy-tutorial\">Sugerowany tekst: <\/strong>Je\u015bli przesy\u0142asz obrazy na stron\u0119 internetow\u0105, powiniene\u015b unika\u0107 przesy\u0142ania obraz\u00f3w z do\u0142\u0105czonymi danymi o lokalizacji (EXIF GPS).\nOdwiedzaj\u0105cy witryn\u0119 mog\u0105 pobiera\u0107 i wyodr\u0119bnia\u0107 dowolne dane o lokalizacji z obraz\u00f3w na stronie internetowej. <\/p>&#13;\n&#13;\n<h2 class=\"wp-block-heading\">Pliki cookie<\/h2>&#13;\n&#13;\n<p><strong class=\"privacy-policy-tutorial\">Sugerowany tekst: <\/strong>Je\u015bli zostawisz komentarz na naszej stronie, mo\u017cesz wyrazi\u0107 zgod\u0119 na zapisywanie swojego imienia i nazwiska, adresu e-mail i strony internetowej w plikach cookie.\nS\u0105 one dla Twojej wygody, aby\u015b nie musia\u0142 ponownie wype\u0142nia\u0107 swoich danych, gdy zostawiasz kolejny komentarz.\nTe pliki cookie b\u0119d\u0105 przechowywane przez jeden rok.  <\/p>&#13;\n&#13;\n<p>Je\u015bli odwiedzisz nasz\u0105 stron\u0119 logowania, ustawimy tymczasowy plik cookie, aby okre\u015bli\u0107, czy Twoja przegl\u0105darka akceptuje pliki cookie.\nTen plik cookie nie zawiera \u017cadnych danych osobowych i jest usuwany po zamkni\u0119ciu przegl\u0105darki. <\/p>&#13;\n&#13;\n<p>Kiedy si\u0119 zalogujesz, skonfigurujemy r\u00f3wnie\u017c kilka plik\u00f3w cookie, aby zapisa\u0107 Twoje dane logowania i wybory dotycz\u0105ce wy\u015bwietlania na ekranie.\nPliki cookie logowania s\u0105 przechowywane przez dwa dni, a pliki cookie opcji ekranu s\u0105 przechowywane przez rok.\nJe\u015bli wybierzesz opcj\u0119 &#8222;Zapami\u0119taj mnie&#8221;, Tw\u00f3j login b\u0119dzie obowi\u0105zywa\u0142 przez dwa tygodnie.\nJe\u015bli wylogujesz si\u0119 ze swojego konta, pliki cookie logowania zostan\u0105 usuni\u0119te.   <\/p>&#13;\n&#13;\n<p>Je\u015bli edytujesz lub publikujesz artyku\u0142, w Twojej przegl\u0105darce zostanie zapisany dodatkowy plik cookie.\nTen plik cookie nie zawiera \u017cadnych danych osobowych i wskazuje jedynie identyfikator posta artyku\u0142u, kt\u00f3ry w\u0142a\u015bnie edytowa\u0142e\u015b.\nWygasa po 1 dniu.  <\/p>&#13;\n&#13;\n<h2 class=\"wp-block-heading\">Osadzone tre\u015bci z innych stron internetowych<\/h2>&#13;\n&#13;\n<p><strong class=\"privacy-policy-tutorial\">Sugerowany tekst: <\/strong>Artyku\u0142y na tej stronie mog\u0105 zawiera\u0107 osadzone tre\u015bci (np. filmy, obrazy, artyku\u0142y itp.).\nOsadzone tre\u015bci z innych stron internetowych zachowuj\u0105 si\u0119 dok\u0142adnie w taki sam spos\u00f3b, jak gdyby odwiedzaj\u0105cy odwiedzi\u0142 inn\u0105 witryn\u0119. <\/p>&#13;\n&#13;\n<p>Witryny te mog\u0105 gromadzi\u0107 dane o u\u017cytkowniku, u\u017cywa\u0107 plik\u00f3w cookie, osadza\u0107 dodatkowe \u015bledzenie stron trzecich i monitorowa\u0107 interakcj\u0119 u\u017cytkownika z t\u0105 osadzon\u0105 tre\u015bci\u0105, w tym \u015bledzi\u0107 interakcj\u0119 u\u017cytkownika z osadzon\u0105 tre\u015bci\u0105, je\u015bli u\u017cytkownik ma konto i jest zalogowany w tej witrynie.<\/p>&#13;\n&#13;\n<h2 class=\"wp-block-heading\">Komu udost\u0119pniamy Twoje dane<\/h2>&#13;\n&#13;\n<p><strong class=\"privacy-policy-tutorial\">Sugerowany tekst: <\/strong>Je\u015bli poprosisz o zresetowanie has\u0142a, Tw\u00f3j adres IP zostanie uwzgl\u0119dniony w wiadomo\u015bci e-mail dotycz\u0105cej resetowania.<\/p>&#13;\n&#13;\n<h2 class=\"wp-block-heading\">Jak d\u0142ugo przechowujemy Twoje dane<\/h2>&#13;\n&#13;\n<p><strong class=\"privacy-policy-tutorial\">Sugerowany tekst: <\/strong>Je\u015bli zostawisz komentarz, komentarz i jego metadane b\u0119d\u0105 przechowywane przez czas nieokre\u015blony.\nDzi\u0119ki temu mo\u017cemy automatycznie rozpoznawa\u0107 i zatwierdza\u0107 wszelkie dalsze komentarze, zamiast trzyma\u0107 je w kolejce do moderacji. <\/p>&#13;\n&#13;\n<p>W przypadku u\u017cytkownik\u00f3w, kt\u00f3rzy rejestruj\u0105 si\u0119 na naszej stronie internetowej (je\u015bli tacy istniej\u0105), przechowujemy r\u00f3wnie\u017c dane osobowe, kt\u00f3re podaj\u0105 w swoim profilu u\u017cytkownika.\nWszyscy u\u017cytkownicy mog\u0105 w dowolnym momencie przegl\u0105da\u0107, edytowa\u0107 lub usuwa\u0107 swoje dane osobowe (z wyj\u0105tkiem sytuacji, gdy nie mog\u0105 zmieni\u0107 swojej nazwy u\u017cytkownika).\nAdministratorzy witryn mog\u0105 r\u00f3wnie\u017c wy\u015bwietla\u0107 i edytowa\u0107 te informacje.  <\/p>&#13;\n&#13;\n<h2 class=\"wp-block-heading\">Jakie prawa przys\u0142uguj\u0105 Ci w odniesieniu do Twoich danych<\/h2>&#13;\n&#13;\n<p><strong class=\"privacy-policy-tutorial\">Sugerowany tekst: <\/strong>Je\u015bli masz konto na tej stronie lub zostawi\u0142e\u015b komentarze, mo\u017cesz poprosi\u0107 o wyeksportowany plik z danymi osobowymi, kt\u00f3re przechowujemy na Tw\u00f3j temat, w tym wszelkimi danymi, kt\u00f3re nam przekaza\u0142e\u015b. Mo\u017cesz r\u00f3wnie\u017c za\u017c\u0105da\u0107, aby\u015bmy usun\u0119li wszelkie dane osobowe, kt\u00f3re przechowujemy na Tw\u00f3j temat. Nie obejmuje to \u017cadnych danych, kt\u00f3re jeste\u015bmy zobowi\u0105zani przechowywa\u0107 w celach administracyjnych, prawnych lub bezpiecze\u0144stwa.  <\/p>&#13;\n&#13;\n<h2 class=\"wp-block-heading\">Dok\u0105d wysy\u0142ane s\u0105 Twoje dane<\/h2>&#13;\n&#13;\n<p><strong class=\"privacy-policy-tutorial\">Sugerowany tekst: <\/strong>Komentarze odwiedzaj\u0105cych mog\u0105 by\u0107 sprawdzane za pomoc\u0105 automatycznej us\u0142ugi wykrywania spamu.<\/p>&#13;\n","protected":false},"excerpt":{"rendered":"<p>&#13; Kim jeste\u015bmy &#13; &#13; Sugerowany tekst: Adres naszej strony internetowej to: https:\/\/keding-global.com. &#13; &#13; Komentarze &#13; &#13; Sugerowany tekst: Gdy odwiedzaj\u0105cy zostawiaj\u0105 komentarze na stronie, zbieramy dane wy\u015bwietlane w formularzu komentarzy, a tak\u017ce adres IP odwiedzaj\u0105cego i ci\u0105g agenta u\u017cytkownika przegl\u0105darki, aby pom\u00f3c w wykrywaniu spamu. &#13; &#13; Zanonimizowany ci\u0105g znak\u00f3w utworzony na podstawie [&hellip;]<\/p>\n","protected":false},"author":1,"featured_media":0,"parent":0,"menu_order":0,"comment_status":"closed","ping_status":"open","template":"","meta":{"_acf_changed":false,"site-sidebar-layout":"default","site-content-layout":"default","ast-site-content-layout":"default","site-content-style":"default","site-sidebar-style":"default","ast-global-header-display":"","ast-banner-title-visibility":"","ast-main-header-display":"","ast-hfb-above-header-display":"","ast-hfb-below-header-display":"","ast-hfb-mobile-header-display":"","site-post-title":"","ast-breadcrumbs-content":"","ast-featured-img":"","footer-sml-layout":"","ast-disable-related-posts":"","theme-transparent-header-meta":"default","adv-header-id-meta":"","stick-header-meta":"","header-above-stick-meta":"","header-main-stick-meta":"","header-below-stick-meta":"","astra-migrate-meta-layouts":"default","ast-page-background-enabled":"default","ast-page-background-meta":{"desktop":{"background-color":"var(--ast-global-color-4)","background-image":"","background-repeat":"repeat","background-position":"center center","background-size":"auto","background-attachment":"scroll","background-type":"","background-media":"","overlay-type":"","overlay-color":"","overlay-opacity":"","overlay-gradient":""},"tablet":{"background-color":"","background-image":"","background-repeat":"repeat","background-position":"center center","background-size":"auto","background-attachment":"scroll","background-type":"","background-media":"","overlay-type":"","overlay-color":"","overlay-opacity":"","overlay-gradient":""},"mobile":{"background-color":"","background-image":"","background-repeat":"repeat","background-position":"center center","background-size":"auto","background-attachment":"scroll","background-type":"","background-media":"","overlay-type":"","overlay-color":"","overlay-opacity":"","overlay-gradient":""}},"ast-content-background-meta":{"desktop":{"background-color":"var(--ast-global-color-5)","background-image":"","background-repeat":"repeat","background-position":"center center","background-size":"auto","background-attachment":"scroll","background-type":"","background-media":"","overlay-type":"","overlay-color":"","overlay-opacity":"","overlay-gradient":""},"tablet":{"background-color":"var(--ast-global-color-5)","background-image":"","background-repeat":"repeat","background-position":"center center","background-size":"auto","background-attachment":"scroll","background-type":"","background-media":"","overlay-type":"","overlay-color":"","overlay-opacity":"","overlay-gradient":""},"mobile":{"background-color":"var(--ast-global-color-5)","background-image":"","background-repeat":"repeat","background-position":"center center","background-size":"auto","background-attachment":"scroll","background-type":"","background-media":"","overlay-type":"","overlay-color":"","overlay-opacity":"","overlay-gradient":""}},"footnotes":"","_links_to":"","_links_to_target":""},"class_list":["post-63739","page","type-page","status-publish","hentry"],"acf":[],"_links":{"self":[{"href":"https:\/\/keding-global.com\/pl\/wp-json\/wp\/v2\/pages\/63739","targetHints":{"allow":["GET"]}}],"collection":[{"href":"https:\/\/keding-global.com\/pl\/wp-json\/wp\/v2\/pages"}],"about":[{"href":"https:\/\/keding-global.com\/pl\/wp-json\/wp\/v2\/types\/page"}],"author":[{"embeddable":true,"href":"https:\/\/keding-global.com\/pl\/wp-json\/wp\/v2\/users\/1"}],"replies":[{"embeddable":true,"href":"https:\/\/keding-global.com\/pl\/wp-json\/wp\/v2\/comments?post=63739"}],"version-history":[{"count":1,"href":"https:\/\/keding-global.com\/pl\/wp-json\/wp\/v2\/pages\/63739\/revisions"}],"predecessor-version":[{"id":63741,"href":"https:\/\/keding-global.com\/pl\/wp-json\/wp\/v2\/pages\/63739\/revisions\/63741"}],"wp:attachment":[{"href":"https:\/\/keding-global.com\/pl\/wp-json\/wp\/v2\/media?parent=63739"}],"curies":[{"name":"wp","href":"https:\/\/api.w.org\/{rel}","templated":true}]}}