{"id":63553,"date":"2024-02-22T16:52:34","date_gmt":"2024-02-22T08:52:34","guid":{"rendered":"https:\/\/wordpress-1495780-5712545.cloudwaysapps.com\/thank-you\/"},"modified":"2024-02-22T16:52:34","modified_gmt":"2024-02-22T08:52:34","slug":"thank-you","status":"publish","type":"page","link":"https:\/\/keding-global.com\/pl\/thank-you\/","title":{"rendered":"Dzi\u0119kuj\u0119"},"content":{"rendered":"<p style=\"text-align: center;\">Dzi\u0119kujemy za skontaktowanie si\u0119 z nami! Wkr\u00f3tce skontaktujemy si\u0119 z Tob\u0105. <\/p>\n","protected":false},"excerpt":{"rendered":"<p>Dzi\u0119kujemy za skontaktowanie si\u0119 z nami! Wkr\u00f3tce skontaktujemy si\u0119 z Tob\u0105.<\/p>\n","protected":false},"author":4,"featured_media":0,"parent":0,"menu_order":0,"comment_status":"closed","ping_status":"closed","template":"","meta":{"_acf_changed":false,"site-sidebar-layout":"default","site-content-layout":"default","ast-site-content-layout":"default","site-content-style":"default","site-sidebar-style":"default","ast-global-header-display":"","ast-banner-title-visibility":"","ast-main-header-display":"","ast-hfb-above-header-display":"","ast-hfb-below-header-display":"","ast-hfb-mobile-header-display":"","site-post-title":"disabled","ast-breadcrumbs-content":"","ast-featured-img":"","footer-sml-layout":"","ast-disable-related-posts":"","theme-transparent-header-meta":"default","adv-header-id-meta":"","stick-header-meta":"","header-above-stick-meta":"","header-main-stick-meta":"","header-below-stick-meta":"","astra-migrate-meta-layouts":"default","ast-page-background-enabled":"default","ast-page-background-meta":{"desktop":{"background-color":"var(--ast-global-color-4)","background-image":"","background-repeat":"repeat","background-position":"center center","background-size":"auto","background-attachment":"scroll","background-type":"","background-media":"","overlay-type":"","overlay-color":"","overlay-opacity":"","overlay-gradient":""},"tablet":{"background-color":"","background-image":"","background-repeat":"repeat","background-position":"center center","background-size":"auto","background-attachment":"scroll","background-type":"","background-media":"","overlay-type":"","overlay-color":"","overlay-opacity":"","overlay-gradient":""},"mobile":{"background-color":"","background-image":"","background-repeat":"repeat","background-position":"center center","background-size":"auto","background-attachment":"scroll","background-type":"","background-media":"","overlay-type":"","overlay-color":"","overlay-opacity":"","overlay-gradient":""}},"ast-content-background-meta":{"desktop":{"background-color":"var(--ast-global-color-5)","background-image":"","background-repeat":"repeat","background-position":"center center","background-size":"auto","background-attachment":"scroll","background-type":"","background-media":"","overlay-type":"","overlay-color":"","overlay-opacity":"","overlay-gradient":""},"tablet":{"background-color":"var(--ast-global-color-5)","background-image":"","background-repeat":"repeat","background-position":"center center","background-size":"auto","background-attachment":"scroll","background-type":"","background-media":"","overlay-type":"","overlay-color":"","overlay-opacity":"","overlay-gradient":""},"mobile":{"background-color":"var(--ast-global-color-5)","background-image":"","background-repeat":"repeat","background-position":"center center","background-size":"auto","background-attachment":"scroll","background-type":"","background-media":"","overlay-type":"","overlay-color":"","overlay-opacity":"","overlay-gradient":""}},"footnotes":"","_links_to":"","_links_to_target":""},"class_list":["post-63553","page","type-page","status-publish","hentry"],"acf":[],"_links":{"self":[{"href":"https:\/\/keding-global.com\/pl\/wp-json\/wp\/v2\/pages\/63553","targetHints":{"allow":["GET"]}}],"collection":[{"href":"https:\/\/keding-global.com\/pl\/wp-json\/wp\/v2\/pages"}],"about":[{"href":"https:\/\/keding-global.com\/pl\/wp-json\/wp\/v2\/types\/page"}],"author":[{"embeddable":true,"href":"https:\/\/keding-global.com\/pl\/wp-json\/wp\/v2\/users\/4"}],"replies":[{"embeddable":true,"href":"https:\/\/keding-global.com\/pl\/wp-json\/wp\/v2\/comments?post=63553"}],"version-history":[{"count":0,"href":"https:\/\/keding-global.com\/pl\/wp-json\/wp\/v2\/pages\/63553\/revisions"}],"wp:attachment":[{"href":"https:\/\/keding-global.com\/pl\/wp-json\/wp\/v2\/media?parent=63553"}],"curies":[{"name":"wp","href":"https:\/\/api.w.org\/{rel}","templated":true}]}}