{"id":36369,"date":"2023-08-18T13:56:59","date_gmt":"2023-08-18T05:56:59","guid":{"rendered":"https:\/\/wordpress-1495780-5712545.cloudwaysapps.com\/karriere\/rekrutierungsprozess\/"},"modified":"2024-10-09T11:55:32","modified_gmt":"2024-10-09T03:55:32","slug":"rekrutierungsprozess","status":"publish","type":"page","link":"https:\/\/keding-global.com\/de\/karriere\/rekrutierungsprozess\/","title":{"rendered":"Rekrutierungsprozess"},"content":{"rendered":"\t\t<div data-elementor-type=\"wp-page\" data-elementor-id=\"36369\" class=\"elementor elementor-36369 elementor-2627\" data-elementor-post-type=\"page\">\n\t\t\t\t\t\t<section data-particle_enable=\"false\" data-particle-mobile-disabled=\"false\" class=\"elementor-section elementor-top-section elementor-element elementor-element-d923400 elementor-section-boxed elementor-section-height-default elementor-section-height-default\" data-id=\"d923400\" data-element_type=\"section\" data-e-type=\"section\">\n\t\t\t\t\t\t<div class=\"elementor-container elementor-column-gap-default\">\n\t\t\t\t\t<div class=\"elementor-column elementor-col-100 elementor-top-column elementor-element elementor-element-970ec2c\" data-id=\"970ec2c\" data-element_type=\"column\" data-e-type=\"column\">\n\t\t\t<div class=\"elementor-widget-wrap elementor-element-populated\">\n\t\t\t\t\t\t<div class=\"elementor-element elementor-element-db40cd2 elementor-widget elementor-widget-heading\" data-id=\"db40cd2\" data-element_type=\"widget\" data-e-type=\"widget\" data-widget_type=\"heading.default\">\n\t\t\t\t<div class=\"elementor-widget-container\">\n\t\t\t\t\t<h2 class=\"elementor-heading-title elementor-size-default\">Karrieren<\/h2>\t\t\t\t<\/div>\n\t\t\t\t<\/div>\n\t\t\t\t<div class=\"elementor-element elementor-element-e031e35 elementor-icon-list--layout-inline elementor-align-start elementor-list-item-link-full_width elementor-widget elementor-widget-icon-list\" data-id=\"e031e35\" data-element_type=\"widget\" data-e-type=\"widget\" data-widget_type=\"icon-list.default\">\n\t\t\t\t<div class=\"elementor-widget-container\">\n\t\t\t\t\t\t\t<ul class=\"elementor-icon-list-items elementor-inline-items\">\n\t\t\t\t\t\t\t<li class=\"elementor-icon-list-item elementor-inline-item\">\n\t\t\t\t\t\t\t\t\t\t\t<a href=\"https:\/\/keding-global.com\/de\/\">\n\n\t\t\t\t\t\t\t\t\t\t\t<span class=\"elementor-icon-list-text\">Heim<\/span>\n\t\t\t\t\t\t\t\t\t\t\t<\/a>\n\t\t\t\t\t\t\t\t\t<\/li>\n\t\t\t\t\t\t\t\t<li class=\"elementor-icon-list-item elementor-inline-item\">\n\t\t\t\t\t\t\t\t\t\t\t<span class=\"elementor-icon-list-icon\">\n\t\t\t\t\t\t\t<i aria-hidden=\"true\" class=\"fas fa-angle-right\"><\/i>\t\t\t\t\t\t<\/span>\n\t\t\t\t\t\t\t\t\t\t<span class=\"elementor-icon-list-text\">Karrieren<\/span>\n\t\t\t\t\t\t\t\t\t<\/li>\n\t\t\t\t\t\t<\/ul>\n\t\t\t\t\t\t<\/div>\n\t\t\t\t<\/div>\n\t\t\t\t\t<\/div>\n\t\t<\/div>\n\t\t\t\t\t<\/div>\n\t\t<\/section>\n\t\t\t\t<section data-particle_enable=\"false\" data-particle-mobile-disabled=\"false\" class=\"elementor-section elementor-top-section elementor-element elementor-element-41b50bc elementor-section-boxed elementor-section-height-default elementor-section-height-default\" data-id=\"41b50bc\" data-element_type=\"section\" data-e-type=\"section\" data-settings=\"{&quot;background_background&quot;:&quot;classic&quot;}\">\n\t\t\t\t\t\t<div class=\"elementor-container elementor-column-gap-default\">\n\t\t\t\t\t<div class=\"elementor-column elementor-col-100 elementor-top-column elementor-element elementor-element-2f25611\" data-id=\"2f25611\" data-element_type=\"column\" data-e-type=\"column\">\n\t\t\t<div class=\"elementor-widget-wrap elementor-element-populated\">\n\t\t\t\t\t\t<div class=\"elementor-element elementor-element-04bb28d elementor-nav-menu__align-center news_tab elementor-nav-menu--stretch elementor-widget-mobile__width-auto elementor-widget-tablet__width-auto elementor-nav-menu--dropdown-tablet elementor-nav-menu__text-align-aside elementor-nav-menu--toggle elementor-nav-menu--burger elementor-widget elementor-widget-nav-menu\" data-id=\"04bb28d\" data-element_type=\"widget\" data-e-type=\"widget\" data-settings=\"{&quot;full_width&quot;:&quot;stretch&quot;,&quot;layout&quot;:&quot;horizontal&quot;,&quot;submenu_icon&quot;:{&quot;value&quot;:&quot;&lt;i class=\\&quot;fas fa-caret-down\\&quot; aria-hidden=\\&quot;true\\&quot;&gt;&lt;\\\/i&gt;&quot;,&quot;library&quot;:&quot;fa-solid&quot;},&quot;toggle&quot;:&quot;burger&quot;}\" data-widget_type=\"nav-menu.default\">\n\t\t\t\t<div class=\"elementor-widget-container\">\n\t\t\t\t\t\t\t\t<nav aria-label=\"Men\u00fc\" class=\"elementor-nav-menu--main elementor-nav-menu__container elementor-nav-menu--layout-horizontal e--pointer-none\">\n\t\t\t\t<ul id=\"menu-1-04bb28d\" class=\"elementor-nav-menu\"><li class=\"menu-item menu-item-type-post_type menu-item-object-page menu-item-45290\"><a href=\"https:\/\/keding-global.com\/de\/karriere\/nutzt\/\" class=\"elementor-item menu-link\">N\u00fctzt<\/a><\/li>\n<li class=\"menu-item menu-item-type-post_type menu-item-object-page menu-item-45291\"><a href=\"https:\/\/keding-global.com\/de\/karriere\/karriere-bei-kd\/\" class=\"elementor-item menu-link\">Karriere bei KD<\/a><\/li>\n<li class=\"menu-item menu-item-type-post_type menu-item-object-page menu-item-45292\"><a href=\"https:\/\/keding-global.com\/de\/karriere\/karriere-leben\/\" class=\"elementor-item menu-link\">Beruflicher Werdegang<\/a><\/li>\n<li class=\"menu-item menu-item-type-post_type menu-item-object-page menu-item-45293\"><a href=\"https:\/\/keding-global.com\/de\/karriere\/rekrutierungsprozess\/\" class=\"elementor-item menu-link\">Rekrutierungsprozess<\/a><\/li>\n<li class=\"menu-item menu-item-type-post_type menu-item-object-page menu-item-45294\"><a href=\"https:\/\/keding-global.com\/de\/karriere\/stellenangebote\/\" class=\"elementor-item menu-link\">Stellenangebote<\/a><\/li>\n<li class=\"menu-item menu-item-type-post_type menu-item-object-page menu-item-45295\"><a href=\"https:\/\/keding-global.com\/de\/karriere\/haufig-gestellte-fragen\/\" class=\"elementor-item menu-link\">H\u00e4ufig gestellte Fragen<\/a><\/li>\n<\/ul>\t\t\t<\/nav>\n\t\t\t\t\t<div class=\"elementor-menu-toggle\" role=\"button\" tabindex=\"0\" aria-label=\"Men\u00fc Umschalter\" aria-expanded=\"false\">\n\t\t\t<i aria-hidden=\"true\" role=\"presentation\" class=\"elementor-menu-toggle__icon--open eicon-menu-bar\"><\/i><i aria-hidden=\"true\" role=\"presentation\" class=\"elementor-menu-toggle__icon--close eicon-close\"><\/i>\t\t<\/div>\n\t\t\t\t\t<nav class=\"elementor-nav-menu--dropdown elementor-nav-menu__container\" aria-hidden=\"true\">\n\t\t\t\t<ul id=\"menu-2-04bb28d\" class=\"elementor-nav-menu\"><li class=\"menu-item menu-item-type-post_type menu-item-object-page menu-item-45290\"><a href=\"https:\/\/keding-global.com\/de\/karriere\/nutzt\/\" class=\"elementor-item menu-link\" tabindex=\"-1\">N\u00fctzt<\/a><\/li>\n<li class=\"menu-item menu-item-type-post_type menu-item-object-page menu-item-45291\"><a href=\"https:\/\/keding-global.com\/de\/karriere\/karriere-bei-kd\/\" class=\"elementor-item menu-link\" tabindex=\"-1\">Karriere bei KD<\/a><\/li>\n<li class=\"menu-item menu-item-type-post_type menu-item-object-page menu-item-45292\"><a href=\"https:\/\/keding-global.com\/de\/karriere\/karriere-leben\/\" class=\"elementor-item menu-link\" tabindex=\"-1\">Beruflicher Werdegang<\/a><\/li>\n<li class=\"menu-item menu-item-type-post_type menu-item-object-page menu-item-45293\"><a href=\"https:\/\/keding-global.com\/de\/karriere\/rekrutierungsprozess\/\" class=\"elementor-item menu-link\" tabindex=\"-1\">Rekrutierungsprozess<\/a><\/li>\n<li class=\"menu-item menu-item-type-post_type menu-item-object-page menu-item-45294\"><a href=\"https:\/\/keding-global.com\/de\/karriere\/stellenangebote\/\" class=\"elementor-item menu-link\" tabindex=\"-1\">Stellenangebote<\/a><\/li>\n<li class=\"menu-item menu-item-type-post_type menu-item-object-page menu-item-45295\"><a href=\"https:\/\/keding-global.com\/de\/karriere\/haufig-gestellte-fragen\/\" class=\"elementor-item menu-link\" tabindex=\"-1\">H\u00e4ufig gestellte Fragen<\/a><\/li>\n<\/ul>\t\t\t<\/nav>\n\t\t\t\t\t\t<\/div>\n\t\t\t\t<\/div>\n\t\t\t\t<div class=\"elementor-element elementor-element-09fda24 elementor-widget-mobile__width-auto elementor-hidden-desktop elementor-widget-tablet__width-auto elementor-widget elementor-widget-heading\" data-id=\"09fda24\" data-element_type=\"widget\" data-e-type=\"widget\" data-widget_type=\"heading.default\">\n\t\t\t\t<div class=\"elementor-widget-container\">\n\t\t\t\t\t<p class=\"elementor-heading-title elementor-size-default\">Rekrutierungsprozess<\/p>\t\t\t\t<\/div>\n\t\t\t\t<\/div>\n\t\t\t\t<section data-particle_enable=\"false\" data-particle-mobile-disabled=\"false\" class=\"elementor-section elementor-inner-section elementor-element elementor-element-94da8fd elementor-section-boxed elementor-section-height-default elementor-section-height-default\" data-id=\"94da8fd\" data-element_type=\"section\" data-e-type=\"section\">\n\t\t\t\t\t\t<div class=\"elementor-container elementor-column-gap-default\">\n\t\t\t\t\t<div class=\"elementor-column elementor-col-50 elementor-inner-column elementor-element elementor-element-eb5770b\" data-id=\"eb5770b\" data-element_type=\"column\" data-e-type=\"column\">\n\t\t\t<div class=\"elementor-widget-wrap elementor-element-populated\">\n\t\t\t\t\t\t<div class=\"elementor-element elementor-element-5c77c9f elementor-widget elementor-widget-image\" data-id=\"5c77c9f\" data-element_type=\"widget\" data-e-type=\"widget\" data-widget_type=\"image.default\">\n\t\t\t\t<div class=\"elementor-widget-container\">\n\t\t\t\t\t\t\t\t\t\t\t\t\t\t\t<img fetchpriority=\"high\" decoding=\"async\" width=\"411\" height=\"547\" src=\"https:\/\/keding-global.com\/wp-content\/uploads\/2023\/09\/Rectangle-411.webp\" class=\"attachment-large size-large wp-image-36377\" alt=\"\" \/>\t\t\t\t\t\t\t\t\t\t\t\t\t\t\t<\/div>\n\t\t\t\t<\/div>\n\t\t\t\t\t<\/div>\n\t\t<\/div>\n\t\t\t\t<div class=\"elementor-column elementor-col-50 elementor-inner-column elementor-element elementor-element-63dd7ac\" data-id=\"63dd7ac\" data-element_type=\"column\" data-e-type=\"column\">\n\t\t\t<div class=\"elementor-widget-wrap elementor-element-populated\">\n\t\t\t\t\t\t<div class=\"elementor-element elementor-element-b899f55 elementor-widget elementor-widget-eael-content-timeline\" data-id=\"b899f55\" data-element_type=\"widget\" data-e-type=\"widget\" data-widget_type=\"eael-content-timeline.default\">\n\t\t\t\t<div class=\"elementor-widget-container\">\n\t\t\t\t\t\t\t<div id=\"eael-content-timeline-b899f55\" class=\"content-timeline-layout-right date-position-inside horizontal-timeline-wrapper\" data-slide_to_scroll=\"{&quot;desktop&quot;:1,&quot;mobile&quot;:1,&quot;tablet&quot;:1}\">\n\t\t\t<div class=\"eael-content-timeline-container\">\n\t\t\t\t<div class=\"eael-content-timeline-container\">\n\t\t\t\t\t\t\t\t\t\t\t\t\t\t\t\t\t\t\t\t\t\t\t<div class=\"eael-content-timeline-block\">\n    <div class=\"eael-content-timeline-line\">\n        <div class=\"eael-content-timeline-inner\"><\/div>\n    <\/div>\n    <div class=\"eael-content-timeline-img eael-picture \"><\/div><div class=\"eael-content-timeline-content\"><span class=\"eael-date\"><\/span><span class=\"eael-timeline-title\">Online-Bewerbung<\/span><div class=\"eael-timeline-excerpt\"><p>1 Selbstvorstellung<br \/>2. Autobiografie<br \/>3. Erfahrung, Ausbildung, sonstiges Fachwissen<\/p>\n<p><span style=\"color: #d6001c\">Bitte erl\u00e4utern Sie dies in Ihrem Lebenslauf.<\/span><\/p>\n<\/div><\/div><\/div>\t\t\t\t\t\t\t\t\t\t\t\t\t\t\t\t\t\t<div class=\"eael-content-timeline-block\">\n    <div class=\"eael-content-timeline-line\">\n        <div class=\"eael-content-timeline-inner\"><\/div>\n    <\/div>\n    <div class=\"eael-content-timeline-img eael-picture \"><\/div><div class=\"eael-content-timeline-content\"><span class=\"eael-date\"><\/span><span class=\"eael-timeline-title\">Vorauswahl durch HR<\/span><div class=\"eael-timeline-excerpt\"><p>1. Einladung zum Vorstellungsgespr\u00e4ch <br \/>2. Vorstellungsgespr\u00e4ch und schriftlicher Test<br \/>3.Bewertung<br \/>4. \u00dcberpr\u00fcfung des Gehalts<br \/>5. Schreiben zum Stellenangebot<\/p>\n<\/div><\/div><\/div>\t\t\t\t\t\t\t\t\t\t\t\t\t\t\t\t\t\t<div class=\"eael-content-timeline-block\">\n    <div class=\"eael-content-timeline-line\">\n        <div class=\"eael-content-timeline-inner\"><\/div>\n    <\/div>\n    <div class=\"eael-content-timeline-img eael-picture \"><\/div><div class=\"eael-content-timeline-content\"><span class=\"eael-date\"><\/span><span class=\"eael-timeline-title\">Willkommen an Bord!<\/span><div class=\"eael-timeline-excerpt\"><\/div><\/div><\/div>\t\t\t\t<\/div>\n\t\t\t<\/div>\n\t\t<\/div>\n\t\t\t\t\t<\/div>\n\t\t\t\t<\/div>\n\t\t\t\t\t<\/div>\n\t\t<\/div>\n\t\t\t\t\t<\/div>\n\t\t<\/section>\n\t\t\t\t\t<\/div>\n\t\t<\/div>\n\t\t\t\t\t<\/div>\n\t\t<\/section>\n\t\t\t\t<\/div>\n\t\t","protected":false},"excerpt":{"rendered":"<p>Karrieren Heim Karrieren Online-Bewerbung 1 Selbstvorstellung2. Autobiografie3. Erfahrung, Ausbildung, sonstiges Fachwissen Bitte erl\u00e4utern Sie dies in Ihrem Lebenslauf. Vorauswahl durch HR 1. Einladung zum Vorstellungsgespr\u00e4ch 2. Vorstellungsgespr\u00e4ch und schriftlicher Test3.Bewertung4. \u00dcberpr\u00fcfung des Gehalts5. Schreiben zum Stellenangebot Willkommen an Bord!<\/p>\n","protected":false},"author":1,"featured_media":0,"parent":36363,"menu_order":0,"comment_status":"closed","ping_status":"closed","template":"","meta":{"_acf_changed":false,"site-sidebar-layout":"no-sidebar","site-content-layout":"page-builder","ast-site-content-layout":"default","site-content-style":"default","site-sidebar-style":"default","ast-global-header-display":"","ast-banner-title-visibility":"","ast-main-header-display":"","ast-hfb-above-header-display":"","ast-hfb-below-header-display":"","ast-hfb-mobile-header-display":"","site-post-title":"disabled","ast-breadcrumbs-content":"","ast-featured-img":"disabled","footer-sml-layout":"","ast-disable-related-posts":"","theme-transparent-header-meta":"default","adv-header-id-meta":"","stick-header-meta":"","header-above-stick-meta":"","header-main-stick-meta":"","header-below-stick-meta":"","astra-migrate-meta-layouts":"default","ast-page-background-enabled":"default","ast-page-background-meta":{"desktop":{"background-color":"var(--ast-global-color-4)","background-image":"","background-repeat":"repeat","background-position":"center center","background-size":"auto","background-attachment":"scroll","background-type":"","background-media":"","overlay-type":"","overlay-color":"","overlay-opacity":"","overlay-gradient":""},"tablet":{"background-color":"","background-image":"","background-repeat":"repeat","background-position":"center center","background-size":"auto","background-attachment":"scroll","background-type":"","background-media":"","overlay-type":"","overlay-color":"","overlay-opacity":"","overlay-gradient":""},"mobile":{"background-color":"","background-image":"","background-repeat":"repeat","background-position":"center center","background-size":"auto","background-attachment":"scroll","background-type":"","background-media":"","overlay-type":"","overlay-color":"","overlay-opacity":"","overlay-gradient":""}},"ast-content-background-meta":{"desktop":{"background-color":"var(--ast-global-color-5)","background-image":"","background-repeat":"repeat","background-position":"center center","background-size":"auto","background-attachment":"scroll","background-type":"","background-media":"","overlay-type":"","overlay-color":"","overlay-opacity":"","overlay-gradient":""},"tablet":{"background-color":"var(--ast-global-color-5)","background-image":"","background-repeat":"repeat","background-position":"center center","background-size":"auto","background-attachment":"scroll","background-type":"","background-media":"","overlay-type":"","overlay-color":"","overlay-opacity":"","overlay-gradient":""},"mobile":{"background-color":"var(--ast-global-color-5)","background-image":"","background-repeat":"repeat","background-position":"center center","background-size":"auto","background-attachment":"scroll","background-type":"","background-media":"","overlay-type":"","overlay-color":"","overlay-opacity":"","overlay-gradient":""}},"footnotes":"","_links_to":"","_links_to_target":""},"class_list":["post-36369","page","type-page","status-publish","hentry"],"acf":[],"_links":{"self":[{"href":"https:\/\/keding-global.com\/de\/wp-json\/wp\/v2\/pages\/36369","targetHints":{"allow":["GET"]}}],"collection":[{"href":"https:\/\/keding-global.com\/de\/wp-json\/wp\/v2\/pages"}],"about":[{"href":"https:\/\/keding-global.com\/de\/wp-json\/wp\/v2\/types\/page"}],"author":[{"embeddable":true,"href":"https:\/\/keding-global.com\/de\/wp-json\/wp\/v2\/users\/1"}],"replies":[{"embeddable":true,"href":"https:\/\/keding-global.com\/de\/wp-json\/wp\/v2\/comments?post=36369"}],"version-history":[{"count":1,"href":"https:\/\/keding-global.com\/de\/wp-json\/wp\/v2\/pages\/36369\/revisions"}],"predecessor-version":[{"id":36380,"href":"https:\/\/keding-global.com\/de\/wp-json\/wp\/v2\/pages\/36369\/revisions\/36380"}],"up":[{"embeddable":true,"href":"https:\/\/keding-global.com\/de\/wp-json\/wp\/v2\/pages\/36363"}],"wp:attachment":[{"href":"https:\/\/keding-global.com\/de\/wp-json\/wp\/v2\/media?parent=36369"}],"curies":[{"name":"wp","href":"https:\/\/api.w.org\/{rel}","templated":true}]}}